{"id":4510,"date":"2022-09-23T12:26:27","date_gmt":"2022-09-23T12:26:27","guid":{"rendered":"https:\/\/www.goldebene.ca\/?page_id=4510"},"modified":"2023-01-06T02:17:49","modified_gmt":"2023-01-06T02:17:49","slug":"livraison","status":"publish","type":"page","link":"https:\/\/www.queenfclementine.com\/en\/livraison\/","title":{"rendered":"SHIPPING"},"content":{"rendered":"<div class=\"entry-content\">\n<p class=\"p1\"><span class=\"s1\">If you are located in Montreal and the suburbs of Montreal and you order before 12 p.m., you will be delivered the same day thanks to our ultra-fast delivery service. If you are beyond, count 3 to 5 working days. In most cases, you will receive an \u201cOrder Completed\u201d email with USPS tracking information in your original order email. Unfortunately, we are unable to dictate delivery instructions for your packages, such as \"leave out the back door\". Please have us ship your package to a safe and valid address.<\/span><\/p>\n<p class=\"p1\">Orders will arrive in 7-21 business days for orders placed outside of Canada.<\/p>\n<p>&nbsp;<\/p>\n<p>&nbsp;<\/p>\n<\/div>","protected":false},"excerpt":{"rendered":"<p>Si vous \u00eates situ\u00e9 sur Montr\u00e9al et banlieue de Montr\u00e9al et que vous commandez avant 12h, vous serez livr\u00e9 le jour m\u00eame gr\u00e2ce \u00e0 notre&#8230;<\/p>","protected":false},"author":1,"featured_media":0,"parent":0,"menu_order":0,"comment_status":"closed","ping_status":"closed","template":"","meta":{"footnotes":""},"class_list":["post-4510","page","type-page","status-publish"],"_links":{"self":[{"href":"https:\/\/www.queenfclementine.com\/en\/wp-json\/wp\/v2\/pages\/4510"}],"collection":[{"href":"https:\/\/www.queenfclementine.com\/en\/wp-json\/wp\/v2\/pages"}],"about":[{"href":"https:\/\/www.queenfclementine.com\/en\/wp-json\/wp\/v2\/types\/page"}],"author":[{"embeddable":true,"href":"https:\/\/www.queenfclementine.com\/en\/wp-json\/wp\/v2\/users\/1"}],"replies":[{"embeddable":true,"href":"https:\/\/www.queenfclementine.com\/en\/wp-json\/wp\/v2\/comments?post=4510"}],"version-history":[{"count":2,"href":"https:\/\/www.queenfclementine.com\/en\/wp-json\/wp\/v2\/pages\/4510\/revisions"}],"predecessor-version":[{"id":4751,"href":"https:\/\/www.queenfclementine.com\/en\/wp-json\/wp\/v2\/pages\/4510\/revisions\/4751"}],"wp:attachment":[{"href":"https:\/\/www.queenfclementine.com\/en\/wp-json\/wp\/v2\/media?parent=4510"}],"curies":[{"name":"wp","href":"https:\/\/api.w.org\/{rel}","templated":true}]}}