{"id":4645,"date":"2022-12-02T01:10:19","date_gmt":"2022-12-02T01:10:19","guid":{"rendered":"https:\/\/www.eclatdebeautefarah.com\/?post_type=product&#038;p=4645"},"modified":"2023-01-26T15:27:41","modified_gmt":"2023-01-26T15:27:41","slug":"perruque-lace-frontal-kinky-curly","status":"publish","type":"product","link":"https:\/\/www.queenfclementine.com\/en\/product\/perruque-lace-frontal-kinky-curly\/","title":{"rendered":"Classique Cloe red deep"},"content":{"rendered":"<pre><\/pre>","protected":false},"excerpt":{"rendered":"<p>Perruque Lace Frontal Kinky Curly HD pour femme, noir naturel, sans colle,pr\u00e9-plum\u00e9e,douce,densit\u00e9 180%,cheuveux de b\u00e9b\u00e9,cosplay<br \/>\ncosplay<\/p>","protected":false},"featured_media":4960,"template":"","meta":[],"product_cat":[15],"product_tag":[],"class_list":{"0":"post-4645","1":"product","2":"type-product","3":"status-publish","4":"has-post-thumbnail","6":"product_cat-perruques-100-naturels","7":"pa_couleur-99j","9":"first","10":"instock","11":"sale","12":"taxable","13":"shipping-taxable","14":"purchasable","15":"product-type-variable","16":"has-default-attributes"},"_links":{"self":[{"href":"https:\/\/www.queenfclementine.com\/en\/wp-json\/wp\/v2\/product\/4645"}],"collection":[{"href":"https:\/\/www.queenfclementine.com\/en\/wp-json\/wp\/v2\/product"}],"about":[{"href":"https:\/\/www.queenfclementine.com\/en\/wp-json\/wp\/v2\/types\/product"}],"wp:featuredmedia":[{"embeddable":true,"href":"https:\/\/www.queenfclementine.com\/en\/wp-json\/wp\/v2\/media\/4960"}],"wp:attachment":[{"href":"https:\/\/www.queenfclementine.com\/en\/wp-json\/wp\/v2\/media?parent=4645"}],"wp:term":[{"taxonomy":"product_cat","embeddable":true,"href":"https:\/\/www.queenfclementine.com\/en\/wp-json\/wp\/v2\/product_cat?post=4645"},{"taxonomy":"product_tag","embeddable":true,"href":"https:\/\/www.queenfclementine.com\/en\/wp-json\/wp\/v2\/product_tag?post=4645"}],"curies":[{"name":"wp","href":"https:\/\/api.w.org\/{rel}","templated":true}]}}