{"id":149,"date":"2018-08-20T20:21:35","date_gmt":"2018-08-20T20:21:35","guid":{"rendered":"http:\/\/themenectar.com\/demo\/salient-ecommerce-creative\/?page_id=149"},"modified":"2023-11-24T16:30:00","modified_gmt":"2023-11-24T16:30:00","slug":"nous-contacter","status":"publish","type":"page","link":"https:\/\/www.queenfclementine.com\/fr\/nous-contacter\/","title":{"rendered":"Nous contacter"},"content":{"rendered":"<div id=\"fws_69fb3f60dbf55\"  data-column-margin=\"default\" data-midnight=\"dark\"  class=\"wpb_row vc_row-fluid vc_row full-width-content  vc_row-o-equal-height vc_row-flex  vc_row-o-content-top standard_section\"  style=\"padding-top: 0px; padding-bottom: 0px; \"><div class=\"row-bg-wrap\" data-bg-animation=\"none\" data-bg-overlay=\"false\"><div class=\"inner-wrap\"><div class=\"row-bg using-bg-color\"  style=\"background-color: #ffffff; \"><\/div><\/div><div class=\"row-bg-overlay\" ><\/div><\/div><div class=\"row_col_wrap_12 col span_12 dark left\">\n\t<div style=\" color: #000000;\" class=\"vc_col-sm-6 wpb_column column_container vc_column_container col padding-8-percent inherit_tablet inherit_phone\" data-using-bg=\"true\" data-t-w-inherits=\"default\" data-bg-cover=\"\" data-padding-pos=\"all\" data-has-bg-color=\"true\" data-bg-color=\"#ffffff\" data-bg-opacity=\"0.8\" data-hover-bg=\"\" data-hover-bg-opacity=\"1\" data-animation=\"\" data-delay=\"0\" >\n\t\t<div class=\"vc_column-inner\" ><div class=\"column-bg-overlay-wrap\" data-bg-animation=\"none\"><div class=\"column-bg-overlay\" style=\"opacity: 0.8; background-color: #ffffff;\"><\/div><\/div>\n\t\t\t<div class=\"wpb_wrapper\">\n\t\t\t\t<h2 style=\"color: #a3a3a3;text-align: left\" class=\"vc_custom_heading\" >Coordonn\u00e9es<\/h2>\n<div class=\"wpb_text_column wpb_content_element  vc_custom_1700843370731\" style=\" max-width: 475px; display: inline-block;\">\n\t<div class=\"wpb_wrapper\">\n\t\t<div class=\"desktop-title-content\">\n<p><strong>Queen FClementine<br \/>\n<\/strong><\/p>\n<p><strong>Ottawa (Ontario) Canada<br \/>\n<\/strong><\/p>\n<p>T\u00e9l:<strong> <a href=\"tel: 13435739406\">+1 (343) 573-9406<\/a><br \/>\n<\/strong>Email: <strong><a href=\"mailto:Qu**************@gm***.com\" data-original-string=\"\/4ZLfWkuXHGkL3HFu4+Prdg7175OAL5P1Oj2\/QVdteY=\" title=\"This contact has been encoded by Anti-Spam by CleanTalk. Click to decode. To finish the decoding make sure that JavaScript is enabled in your browser.\"><span \n                data-original-string=\"\/4ZLfWkuXHGkL3HFu4+Prdg7175OAL5P1Oj2\/QVdteY=\"\n                class=\"apbct-email-encoder\"\n                title=\"This contact has been encoded by Anti-Spam by CleanTalk. Click to decode. To finish the decoding make sure that JavaScript is enabled in your browser.\">Qu**************@gm***.com<\/span><\/a><\/strong><\/p>\n<p><strong>\u00a0<\/strong><\/p>\n<\/div>\n\t<\/div>\n<\/div>\n\n\n\n<h2 style=\"color: #a3a3a3;text-align: left\" class=\"vc_custom_heading\" >Pour nous \u00e9crire<\/h2><div class=\"wpforms-container wpforms-container-full\" id=\"wpforms-4375\"><form id=\"wpforms-form-4375\" class=\"wpforms-validate wpforms-form\" data-formid=\"4375\" method=\"post\" enctype=\"multipart\/form-data\" action=\"\/fr\/wp-json\/wp\/v2\/pages\/149\" data-token=\"34a568b5417a8eb0c12d9735e6e40247\" data-trp-original-action=\"\/fr\/wp-json\/wp\/v2\/pages\/149\"><noscript class=\"wpforms-error-noscript\">Veuillez activer JavaScript dans votre navigateur pour remplir ce formulaire.<\/noscript><div class=\"wpforms-field-container\"><div id=\"wpforms-4375-field_0-container\" class=\"wpforms-field wpforms-field-text\" data-field-id=\"0\"><label class=\"wpforms-field-label\" for=\"wpforms-4375-field_0\">Pr\u00e9nom et nom de famille<\/label><input type=\"text\" id=\"wpforms-4375-field_0\" class=\"wpforms-field-large\" name=\"wpforms[fields][0]\" ><\/div><div id=\"wpforms-4375-field_1-container\" class=\"wpforms-field wpforms-field-email\" data-field-id=\"1\"><label class=\"wpforms-field-label\" for=\"wpforms-4375-field_1\">Email <span class=\"wpforms-required-label\">*<\/span><\/label><input type=\"email\" id=\"wpforms-4375-field_1\" class=\"wpforms-field-large wpforms-field-required\" name=\"wpforms[fields][1]\" required><\/div><div id=\"wpforms-4375-field_2-container\" class=\"wpforms-field wpforms-field-phone\" data-field-id=\"2\"><label class=\"wpforms-field-label\" for=\"wpforms-4375-field_2\">T\u00e9l\u00e9phone<\/label><input type=\"tel\" id=\"wpforms-4375-field_2\" class=\"wpforms-field-large\" data-rule-int-phone-field=\"true\" name=\"wpforms[fields][2]\" ><\/div><div id=\"wpforms-4375-field_3-container\" class=\"wpforms-field wpforms-field-text\" data-field-id=\"3\"><label class=\"wpforms-field-label\" for=\"wpforms-4375-field_3\">Sujet du message<\/label><input type=\"text\" id=\"wpforms-4375-field_3\" class=\"wpforms-field-large\" name=\"wpforms[fields][3]\" ><\/div><div id=\"wpforms-4375-field_4-container\" class=\"wpforms-field wpforms-field-textarea\" data-field-id=\"4\"><label class=\"wpforms-field-label\" for=\"wpforms-4375-field_4\">Votre message<\/label><textarea id=\"wpforms-4375-field_4\" class=\"wpforms-field-large\" name=\"wpforms[fields][4]\" ><\/textarea><\/div><\/div><div class=\"wpforms-submit-container\"><input type=\"hidden\" name=\"wpforms[id]\" value=\"4375\"><input type=\"hidden\" name=\"wpforms[author]\" value=\"1\"><button type=\"submit\" name=\"wpforms[submit]\" id=\"wpforms-submit-4375\" class=\"wpforms-submit\" aria-live=\"assertive\" value=\"wpforms-submit\">Envoyer<\/button><\/div><input type=\"hidden\" id=\"ct_checkjs_wpforms_310dcbbf4cce62f762a2aaa148d556bd\" name=\"ct_checkjs_wpforms\" value=\"0\" \/><script>setTimeout(function(){var ct_input_name = \"ct_checkjs_wpforms_310dcbbf4cce62f762a2aaa148d556bd\";if (document.getElementById(ct_input_name) !== null) {var ct_input_value = document.getElementById(ct_input_name).value;document.getElementById(ct_input_name).value = document.getElementById(ct_input_name).value.replace(ct_input_value, '800579988');}}, 1000);<\/script><label class=\"apbct_special_field\" id=\"apbct_label_id33528\" for=\"apbct__email_id__wp_wpforms_33528\">33528<\/label><input \n        id=\"apbct__email_id__wp_wpforms_33528\" \n        class=\"apbct_special_field apbct__email_id__wp_wpforms\"\n        autocomplete=\"off\" \n        name=\"apbct__email_id__wp_wpforms_33528\"  \n        type=\"text\" \n        value=\"33528\" \n        size=\"30\" \n        apbct_event_id=\"33528\"\n        maxlength=\"200\" \n    \/><input \n        id=\"apbct_event_id_wp_wpforms_33528\"\n        class=\"apbct_special_field\"\n        name=\"apbct_event_id\"\n        type=\"hidden\" \n        value=\"33528\" \n            \/><input type=\"hidden\" name=\"trp-form-language\" value=\"fr\"\/><\/form><\/div>  <!-- .wpforms-container -->\n\t\t\t<\/div> \n\t\t<\/div>\n\t<\/div> \n\n\t<div  class=\"vc_col-sm-6 wpb_column column_container vc_column_container col padding-8-percent inherit_tablet inherit_phone\"  data-t-w-inherits=\"default\" data-bg-cover=\"\" data-padding-pos=\"all\" data-has-bg-color=\"false\" data-bg-color=\"\" data-bg-opacity=\"1\" data-hover-bg=\"\" data-hover-bg-opacity=\"1\" data-animation=\"\" data-delay=\"0\" >\n\t\t<div class=\"vc_column-inner\" ><div class=\"column-bg-overlay-wrap\" data-bg-animation=\"none\"><div class=\"column-bg-overlay\"><\/div><\/div>\n\t\t\t<div class=\"wpb_wrapper\">\n\t\t\t\t\n<div class=\"wpb_text_column wpb_content_element\" >\n\t<div class=\"wpb_wrapper\">\n\t\t<p><iframe loading=\"lazy\" style=\"border: 0;\" src=\"https:\/\/www.google.com\/maps\/embed?pb=!1m18!1m12!1m3!1d359426.64438768034!2d-76.13416137104014!3d45.26759316058448!2m3!1f0!2f0!3f0!3m2!1i1024!2i768!4f13.1!3m3!1m2!1s0x4cce05b25f5113af%3A0x8a6a51e131dd15ed!2sOttawa%2C%20ON!5e0!3m2!1sfr!2sca!4v1699760397623!5m2!1sfr!2sca\" width=\"1800\" height=\"600\" allowfullscreen=\"allowfullscreen\"><\/iframe><\/p>\n\t<\/div>\n<\/div>\n\n\n\n<h2 style=\"color: #a3a3a3;text-align: left\" class=\"vc_custom_heading\" >Foire aux questions<\/h2><div class=\"toggles\" data-style=\"minimal_small\"><div class=\"toggle default\" data-inner-wrap=\"true\"><h3><a href=\"#\"><i class=\"icon-plus-sign\"><\/i>O\u00f9 vous situez-vous?<\/a><\/h3><div><div class=\"inner-toggle-wrap\">\n<div class=\"wpb_text_column wpb_content_element\" >\n\t<div class=\"wpb_wrapper\">\n\t\t<p>Nous sommes situ\u00e9s dans la ville d&rsquo;Ottawa en Ontario.<\/p>\n<p>T\u00e9l : <strong><a href=\"tel: 13435739406\">+1 (343) 573-9406<\/a><\/strong><\/p>\n<p>Email : <a href=\"mailto:Qu**************@gm***.com\" data-original-string=\"\/4ZLfWkuXHGkL3HFu4+Prdg7175OAL5P1Oj2\/QVdteY=\" title=\"This contact has been encoded by Anti-Spam by CleanTalk. Click to decode. To finish the decoding make sure that JavaScript is enabled in your browser.\"><strong><span \n                data-original-string=\"\/4ZLfWkuXHGkL3HFu4+Prdg7175OAL5P1Oj2\/QVdteY=\"\n                class=\"apbct-email-encoder\"\n                title=\"This contact has been encoded by Anti-Spam by CleanTalk. Click to decode. To finish the decoding make sure that JavaScript is enabled in your browser.\">Qu**************@gm***.com<\/span><\/strong><\/a><\/p>\n<p>&nbsp;<\/p>\n\t<\/div>\n<\/div>\n\n\n\n<\/div><\/div><\/div><div class=\"toggle default\" data-inner-wrap=\"true\"><h3><a href=\"#\"><i class=\"icon-plus-sign\"><\/i>Quels sont les d\u00e9lais de livraison ?<\/a><\/h3><div><div class=\"inner-toggle-wrap\">\n<div class=\"wpb_text_column wpb_content_element\" >\n\t<div class=\"wpb_wrapper\">\n\t\t<p>Nous prenons 1 \u00e0 2 jours pour traiter votre commande et 2 \u00e0 3 jours pour la livrer. Vous pouvez toujours contacter notre service client pour obtenir des informations sur votre commande.<\/p>\n\t<\/div>\n<\/div>\n\n\n\n<\/div><\/div><\/div><div class=\"toggle default\" data-inner-wrap=\"true\"><h3><a href=\"#\"><i class=\"icon-plus-sign\"><\/i>Je n'ai toujours pas re\u00e7u ma commande. Qu'est-ce qui prend autant de temps?<\/a><\/h3><div><div class=\"inner-toggle-wrap\">\n<div class=\"wpb_text_column wpb_content_element\" >\n\t<div class=\"wpb_wrapper\">\n\t\t<p>Nous nous excusons pour le retard. Parfois, l\u2019exp\u00e9dition peut prendre du retard \u00e0 cause des contr\u00f4les et mesures sanitaires. Si vous pensez toujours que vous avez besoin d\u2019aide pour suivre votre colis ou si vous souhaitez vous renseigner \u00e0 ce sujet, veuillez nous contacter par e-mail \u00e0:<span class=\"s1\"><strong> <a href=\"mailto:Qu**************@gm***.com\" data-original-string=\"\/4ZLfWkuXHGkL3HFu4+Prdg7175OAL5P1Oj2\/QVdteY=\" title=\"This contact has been encoded by Anti-Spam by CleanTalk. Click to decode. To finish the decoding make sure that JavaScript is enabled in your browser.\"><span \n                data-original-string=\"\/4ZLfWkuXHGkL3HFu4+Prdg7175OAL5P1Oj2\/QVdteY=\"\n                class=\"apbct-email-encoder\"\n                title=\"This contact has been encoded by Anti-Spam by CleanTalk. Click to decode. To finish the decoding make sure that JavaScript is enabled in your browser.\">Qu**************@gm***.com<\/span><\/a><\/strong><\/span><\/p>\n\t<\/div>\n<\/div>\n\n\n\n<\/div><\/div><\/div><div class=\"toggle default\" data-inner-wrap=\"true\"><h3><a href=\"#\"><i class=\"icon-plus-sign\"><\/i>Quels sont les modes de paiement<\/a><\/h3><div><div class=\"inner-toggle-wrap\">\n<div class=\"wpb_text_column wpb_content_element\" >\n\t<div class=\"wpb_wrapper\">\n\t\t<p>Les moyens de paiement accept\u00e9s sont : Cartes de cr\u00e9dit, cartes de d\u00e9bit visa et Paypal.<\/p>\n\t<\/div>\n<\/div>\n\n\n\n<\/div><\/div><\/div><\/div>\n\n\n\n\n\n\n\n\n\n\n\n\n\n\n\n\n\n\n\n\n\t\t\t<\/div> \n\t\t<\/div>\n\t<\/div> \n<\/div><\/div>","protected":false},"excerpt":{"rendered":"Coordonn\u00e9es Queen FClementine Ottawa (Ontario) Canada T\u00e9l: +1 (343) 573-9406 Email: QueenFClementine@gmail.com \u00a0 Pour nous \u00e9crireVeuillez activer JavaScript dans votre navigateur pour remplir ce formulaire.Pr\u00e9nom...","protected":false},"author":1,"featured_media":0,"parent":0,"menu_order":0,"comment_status":"closed","ping_status":"closed","template":"","meta":{"footnotes":""},"class_list":["post-149","page","type-page","status-publish"],"_links":{"self":[{"href":"https:\/\/www.queenfclementine.com\/fr\/wp-json\/wp\/v2\/pages\/149"}],"collection":[{"href":"https:\/\/www.queenfclementine.com\/fr\/wp-json\/wp\/v2\/pages"}],"about":[{"href":"https:\/\/www.queenfclementine.com\/fr\/wp-json\/wp\/v2\/types\/page"}],"author":[{"embeddable":true,"href":"https:\/\/www.queenfclementine.com\/fr\/wp-json\/wp\/v2\/users\/1"}],"replies":[{"embeddable":true,"href":"https:\/\/www.queenfclementine.com\/fr\/wp-json\/wp\/v2\/comments?post=149"}],"version-history":[{"count":6,"href":"https:\/\/www.queenfclementine.com\/fr\/wp-json\/wp\/v2\/pages\/149\/revisions"}],"predecessor-version":[{"id":5333,"href":"https:\/\/www.queenfclementine.com\/fr\/wp-json\/wp\/v2\/pages\/149\/revisions\/5333"}],"wp:attachment":[{"href":"https:\/\/www.queenfclementine.com\/fr\/wp-json\/wp\/v2\/media?parent=149"}],"curies":[{"name":"wp","href":"https:\/\/api.w.org\/{rel}","templated":true}]}}